{"id":2229,"date":"2024-12-31T14:45:33","date_gmt":"2024-12-31T13:45:33","guid":{"rendered":"https:\/\/chretiensheureux.com\/?page_id=2229"},"modified":"2025-11-18T10:31:35","modified_gmt":"2025-11-18T09:31:35","slug":"decouvrir-nos-offres-2","status":"publish","type":"page","link":"https:\/\/chretiensheureux.com\/index.php\/decouvrir-nos-offres-2\/","title":{"rendered":"D\u00e9couvrir nos offres 2"},"content":{"rendered":"<p><a href=\"https:\/\/chretiensheureux.com\" data-id-d=\"3\" data-dynamic-link=\"thrive_global_shortcode_url\" data-shortcode-id=\"0\" data-img-style=\"width: 100%;\"><img decoding=\"async\" data-src=\"https:\/\/chretiensheureux.com\/wp-content\/uploads\/2020\/09\/Chretiens_heureux.png\" height=\"1998\" width=\"2872\" alt=\"\" style=\"--smush-placeholder-width: 2872px; --smush-placeholder-aspect-ratio: 2872\/1998;width: 100%;\" src=\"data:image\/svg+xml;base64,PHN2ZyB3aWR0aD0iMSIgaGVpZ2h0PSIxIiB4bWxucz0iaHR0cDovL3d3dy53My5vcmcvMjAwMC9zdmciPjwvc3ZnPg==\" class=\"lazyload\"><\/img><\/a><\/p>\n<h1 style=\"text-align: center; color: rgb(180, 138, 128) !important; --tcb-applied-color: rgb(180, 138, 128)  !important;\"><span style=\"color: rgb(91, 44, 4);\">Les ateliers des mamans catholiques<\/span><\/h1>\n<h1><span style=\"font-weight: normal;\">Devenez <\/span><span style=\"--tcb-applied-color: rgb(208, 133, 62)   !important; color: rgb(208, 133, 62) !important;\">une maman catholique sereine<\/span><span style=\"font-weight: normal;\">en faisant de votre ressourcement spirituel une&nbsp;priorit\u00e9<\/span><\/h1>\n<p style=\"text-align: justify;\">Un th\u00e8me particuli\u00e8rement propice pour un recentrage sur l&rsquo;essentiel (l&rsquo;union \u00e0 Dieu et la sanctification), et ce \u00e0 n&rsquo;importe quel moment de l&rsquo;ann\u00e9e !<\/p>\n<h2 style=\"text-align: center;\">Des ateliers en visio-conf\u00e9rence en 2025<\/h2>\n<p style=\"text-align: left; font-size: 18px !important;\">Suite \u00e0 des \u00e9changes t\u00e9l\u00e9phoniques avec des mamans catholiques inscrites \u00e0 la Newsletter, et \u00e0 l\u2019\u00e9coute de vos besoins, je vous propose une s\u00e9rie de <strong><span style=\"color: var(cb83b);\">trois ateliers collectifs en visio-conf\u00e9rence<\/span><\/strong>.<\/p>\n<h2>A la fin des trois ateliers&#8230;<\/h2>\n<ul>\n<li style=\"text-align: left;\">Vous aurez <strong>fait le point sur vos priorit\u00e9s, y compris spirituelles<\/strong> ;<\/li>\n<li style=\"text-align: left;\">vous aurez <strong>d\u00e9gag\u00e9 du temps pour votre vie de foi <\/strong>dans votre planning ;<\/li>\n<li style=\"text-align: left;\">vous ne culpabiliserez plus de prendre du temps pour vous et pour vous ressourcer ;<\/li>\n<li style=\"text-align: left;\"><strong>vous gagnerez en \u00e9quilibre<\/strong>, et donc en ma\u00eetrise de soi et s\u00e9r\u00e9nit\u00e9\u2026au milieu m\u00eame de votre vie de maman tr\u00e9pidante;)<\/li>\n<\/ul>\n<p>Et cela ne vous prendra que trois matin\u00e9es, en \u00e9tant soutenue par moi-m\u00eame et d&rsquo;autres mamans bienveillantes.<\/p>\n<p><span><img decoding=\"async\" alt=\"\" data-id=\"2254\" width=\"515\" data-init-width=\"2560\" height=\"343\" data-init-height=\"1707\" title=\"pexels-vlada-karpovich-4609049\" data-src=\"https:\/\/chretiensheureux.com\/wp-content\/uploads\/2024\/12\/pexels-vlada-karpovich-4609049-scaled.jpg\" data-width=\"515\" data-height=\"343\" style=\"--smush-placeholder-width: 515px; --smush-placeholder-aspect-ratio: 515\/343;aspect-ratio: auto 2560 \/ 1707;\" src=\"data:image\/svg+xml;base64,PHN2ZyB3aWR0aD0iMSIgaGVpZ2h0PSIxIiB4bWxucz0iaHR0cDovL3d3dy53My5vcmcvMjAwMC9zdmciPjwvc3ZnPg==\" class=\"lazyload\"><\/span><span><img decoding=\"async\" alt=\"\" data-id=\"2252\" width=\"515\" data-init-width=\"2560\" height=\"343\" data-init-height=\"1706\" title=\"pexels-tara-winstead-8383482\" data-src=\"https:\/\/chretiensheureux.com\/wp-content\/uploads\/2024\/12\/pexels-tara-winstead-8383482-1-scaled.jpg\" data-width=\"515\" data-height=\"343\" style=\"--smush-placeholder-width: 515px; --smush-placeholder-aspect-ratio: 515\/343;aspect-ratio: auto 2560 \/ 1706;\" src=\"data:image\/svg+xml;base64,PHN2ZyB3aWR0aD0iMSIgaGVpZ2h0PSIxIiB4bWxucz0iaHR0cDovL3d3dy53My5vcmcvMjAwMC9zdmciPjwvc3ZnPg==\" class=\"lazyload\"><\/span><\/p>\n<p style=\"\">\u00ab\u00a0Sur internet, je vois souvent des propositions d&rsquo;ateliers ou d&rsquo;accompagnements sur le th\u00e8me de la parentalit\u00e9. Par contre, je n&rsquo;en avais jamais vu avec une dimension catholique clairement affich\u00e9e. C&rsquo;est la raison pour laquelle je n&rsquo;ai pas h\u00e9sit\u00e9 \u00e0 m&rsquo;inscrire \u00e0 la s\u00e9rie des 3 ateliers \u00ab\u00a0Devenez une maman catholique sereine. Et j&rsquo;en suis ravie : dans un cadre de confiance, Ali\u00e9nor propose un contenu inspirant bas\u00e9 sur les Ecritures. Il sert de base \u00e0 des partages inspirants et \u00e9nergisants. Cela m&rsquo;a permis de relier ma spiritualit\u00e9 \u00e0 ma fa\u00e7on de concevoir et d&rsquo;organiser mon temps de fa\u00e7on concr\u00e8te\u00a0\u00bb.<\/p>\n<p style=\"\"><strong>Elisabeth<\/strong><span style=\"font-size: 12px; color: rgb(153, 153, 153);\">\/\/ Session Janvier-Mars 2025<\/span><\/p>\n<p style=\"\">\u00ab\u00a0Ali\u00e9nor est une femme bienveillante et douce. Les pistes sugg\u00e9r\u00e9es lors des ateliers permettent une v\u00e9ritable r\u00e9flexion sur l&rsquo;organisation de nos journ\u00e9es de mamans catholiques. Je recommande vivement les ateliers d&rsquo;Ali\u00e9nor \u00e0 toutes les mamans d\u00e9sireuses d&rsquo;am\u00e9liorer l&rsquo;organisation familiale de la maisonn\u00e9e et d&rsquo;appr\u00e9hender \u00ab\u00a0le temps\u00a0\u00bb autrement\u00a0\u00bb.<\/p>\n<p style=\"\"><strong>C\u00e9line<\/strong> <span style=\"font-size: 12px; color: rgb(153, 153, 153);\">\/\/ Session Janvier-Mars 2025<\/span><\/p>\n<h2>Modalit\u00e9s pratiques<\/h2>\n<ol>\n<li style=\"margin-bottom: 20px !important;\"><span style=\"\">1<\/span><span style=\"\"><strong><span style=\"text-decoration: underline;\">R\u00e9servez trois matin\u00e9es dans votre agenda&nbsp;<\/span><\/strong><em>\u200bPas de date pr\u00e9vue \u00e0 l&rsquo;heure actuelle.<\/em> Vous avez besoin d&rsquo;un ordinateur et d&rsquo;une bonne connexion Internet.<\/span><\/li>\n<li style=\"margin-bottom: 20px !important;\"><span style=\"\">2<\/span><span style=\"\"><strong><span style=\"text-decoration: underline;\">R\u00e9servez votre place en me contactant par email <\/span><\/strong>Le groupe de mamans sera constitu\u00e9 au maximum de huit mamans. Je fermerai les inscriptions d\u00e8s que le groupe est complet. <strong>Prenez contact avec moi pour r\u00e9server votre place, en m&rsquo;\u00e9crivant un email <\/strong>et en me laissant votre num\u00e9ro de t\u00e9l\u00e9phone si besoin : <strong>contact@chretiensheureux.com<\/strong><\/span><\/li>\n<li style=\"margin-bottom: 20px !important;\"><span style=\"\">3<\/span><span style=\"\"><strong><span style=\"font-size: 18px;\"><span><strong><span style=\"text-decoration: underline;\">Veuillez r\u00e9gler le montant des trois ateliers<\/span><\/strong><\/span><\/span><\/strong>Le tarif des trois ateliers, tout compris, est de <strong>49 euros, \u00e0 r\u00e9gler \u00e0 l&rsquo;Association \u00ab\u00a0Ouvrons nos ailes\u00a0\u00bb <\/strong>par virement bancaire ou ch\u00e8que. Je vous communiquerai l&rsquo;IBAN de l&rsquo;Association d\u00e8s que vous aurez r\u00e9serv\u00e9 votre place aux trois ateliers. En cas de difficult\u00e9s, vous pouvez payer en deux mensualit\u00e9s sans frais (la premi\u00e8re avant le premier atelier, la deuxi\u00e8me avant le troisi\u00e8me atelier). Vous trouverez<a href=\"https:\/\/chretiensheureux.com\/index.php\/conditions-generales-de-vente\/\" target=\"_blank\"> sur ce lien <\/a>les conditions g\u00e9n\u00e9rales de vente \u00e0 accepter avant de proc\u00e9der \u00e0 votre r\u00e8glement.&nbsp;<\/span><\/li>\n<\/ol>\n<h3>Soyez les premiers inform\u00e9s en vous inscrivant \u00e0 la Newsletter.<\/h3>\n<p>Vous recevrez un e-book sur les 5 \u00e9tapes cl\u00e9s pour commencer une journ\u00e9e fabuleuse (coaching chr\u00e9tien).<\/p>\n<p><span><img decoding=\"async\" alt=\"\" data-id=\"847\" data-init-width=\"2780\" data-init-height=\"1840\" title=\"Ebook-3D- alienor\" data-src=\"https:\/\/chretiensheureux.com\/wp-content\/uploads\/2021\/01\/Ebook-3D-alienor.png\" data-width=\"269\" data-height=\"178\" style=\"--smush-placeholder-width: 269px; --smush-placeholder-aspect-ratio: 269\/178;aspect-ratio: auto 2780 \/ 1840;\" width=\"269\" height=\"178\" src=\"data:image\/svg+xml;base64,PHN2ZyB3aWR0aD0iMSIgaGVpZ2h0PSIxIiB4bWxucz0iaHR0cDovL3d3dy53My5vcmcvMjAwMC9zdmciPjwvc3ZnPg==\" class=\"lazyload\"><\/span> <\/p>\n","protected":false},"excerpt":{"rendered":"<p>Les ateliers des mamans catholiques Devenez une maman catholique sereineen faisant de votre ressourcement spirituel une&nbsp;priorit\u00e9 Un th\u00e8me particuli\u00e8rement propice pour un recentrage sur l&rsquo;essentiel (l&rsquo;union \u00e0 Dieu et la sanctification), et ce \u00e0 n&rsquo;importe quel moment de l&rsquo;ann\u00e9e ! Des ateliers en visio-conf\u00e9rence en 2025 Suite \u00e0 des \u00e9changes t\u00e9l\u00e9phoniques avec des mamans catholiques [&hellip;]<\/p>\n","protected":false},"author":1,"featured_media":0,"parent":0,"menu_order":0,"comment_status":"closed","ping_status":"closed","template":"","meta":{"footnotes":""},"class_list":["post-2229","page","type-page","status-publish","hentry","post-wrapper","thrv_wrapper"],"_links":{"self":[{"href":"https:\/\/chretiensheureux.com\/index.php\/wp-json\/wp\/v2\/pages\/2229","targetHints":{"allow":["GET"]}}],"collection":[{"href":"https:\/\/chretiensheureux.com\/index.php\/wp-json\/wp\/v2\/pages"}],"about":[{"href":"https:\/\/chretiensheureux.com\/index.php\/wp-json\/wp\/v2\/types\/page"}],"author":[{"embeddable":true,"href":"https:\/\/chretiensheureux.com\/index.php\/wp-json\/wp\/v2\/users\/1"}],"replies":[{"embeddable":true,"href":"https:\/\/chretiensheureux.com\/index.php\/wp-json\/wp\/v2\/comments?post=2229"}],"version-history":[{"count":26,"href":"https:\/\/chretiensheureux.com\/index.php\/wp-json\/wp\/v2\/pages\/2229\/revisions"}],"predecessor-version":[{"id":2375,"href":"https:\/\/chretiensheureux.com\/index.php\/wp-json\/wp\/v2\/pages\/2229\/revisions\/2375"}],"wp:attachment":[{"href":"https:\/\/chretiensheureux.com\/index.php\/wp-json\/wp\/v2\/media?parent=2229"}],"curies":[{"name":"wp","href":"https:\/\/api.w.org\/{rel}","templated":true}]}}