{"id":228,"date":"2020-08-31T11:53:24","date_gmt":"2020-08-31T09:53:24","guid":{"rendered":"https:\/\/chretiensheureux.com\/?page_id=228"},"modified":"2025-11-18T10:19:01","modified_gmt":"2025-11-18T09:19:01","slug":"bienvenue-2","status":"publish","type":"page","link":"https:\/\/chretiensheureux.com\/","title":{"rendered":"Bienvenue"},"content":{"rendered":"<p><a href=\"https:\/\/chretiensheureux.com\" data-id-d=\"3\" data-dynamic-link=\"thrive_global_shortcode_url\" data-shortcode-id=\"0\" data-img-style=\"width: 100%;\"><img decoding=\"async\" data-src=\"https:\/\/chretiensheureux.com\/wp-content\/uploads\/2020\/09\/Chretiens_heureux.png\" height=\"1998\" width=\"2872\" alt=\"\" style=\"--smush-placeholder-width: 2872px; --smush-placeholder-aspect-ratio: 2872\/1998;width: 100%;\" src=\"data:image\/svg+xml;base64,PHN2ZyB3aWR0aD0iMSIgaGVpZ2h0PSIxIiB4bWxucz0iaHR0cDovL3d3dy53My5vcmcvMjAwMC9zdmciPjwvc3ZnPg==\" class=\"lazyload\"><\/img><\/a><\/p>\n<p style=\"text-align: center;\"><span><strong><span>Vous &nbsp;aspirez \u00e0 une vie \u00e9quilibr\u00e9e et heureuse ?<\/span><\/strong><\/span><\/p>\n<p style=\"text-align: center;\"><span><strong><span>\u200bVous aimeriez vous ancrer au quotidien dans votre foi en J\u00e9sus-Christ ?<\/span><\/strong><\/span><\/p>\n<p style=\"text-align: center;\"><span><strong><span>Ce blog est pour vous.<\/span><\/strong><\/span><\/p>\n<p><span><img decoding=\"async\" alt=\"\" data-id=\"733\" data-init-width=\"768\" data-init-height=\"512\" title=\"Photo-devant-vue-Paris\" data-src=\"https:\/\/chretiensheureux.com\/wp-content\/uploads\/2020\/09\/Photo-devant-vue-Paris.jpg\" data-width=\"482\" data-height=\"321\" style=\"--smush-placeholder-width: 482px; --smush-placeholder-aspect-ratio: 482\/321;aspect-ratio: auto 768 \/ 512;\" width=\"482\" height=\"321\" src=\"data:image\/svg+xml;base64,PHN2ZyB3aWR0aD0iMSIgaGVpZ2h0PSIxIiB4bWxucz0iaHR0cDovL3d3dy53My5vcmcvMjAwMC9zdmciPjwvc3ZnPg==\" class=\"lazyload\"><\/span><\/p>\n<p style=\"text-align: center;\"><span style=\"color: rgb(0, 0, 0); font-size: 18px !important;\">Je m&rsquo;appelle Ali\u00e9nor Strentz.<\/span><\/p>\n<p style=\"text-align: center;\"><span style=\"color: rgb(0, 0, 0); font-size: 18px !important;\">J\u2019ai cr\u00e9\u00e9 ce blog pour vous proposer <strong>\u200bun accompagnement chr\u00e9tien<\/strong>. Je souhaite vous faire d\u00e9couvrir qu&rsquo;en marchant avec Dieu, vous parviendrez \u00e0 l&rsquo;\u00e9quilibre, la s\u00e9r\u00e9nit\u00e9 et la joie qui vous manquent actuellement.<\/span><\/p>\n<p style=\"text-align: center;\"><span style=\"color: rgb(0, 0, 0);\"><\/span><\/p>\n<h3 style=\"text-align: center;\">Les questions que vous vous posez peut-\u00eatre sur l&rsquo;accompagnement chr\u00e9tien<\/h3>\n<\/p>\n<h1>5 \u00e9tapes cl\u00e9s pour commencer une journ\u00e9e fabuleuse !<\/h1>\n<p><span><img decoding=\"async\" alt=\"\" data-id=\"257\" data-init-width=\"2780\" data-init-height=\"1840\" title=\"3D alienor\" data-src=\"https:\/\/chretiensheureux.com\/wp-content\/uploads\/2020\/08\/3D-alienor.png\" data-width=\"411\" data-height=\"272\" style=\"--smush-placeholder-width: 411px; --smush-placeholder-aspect-ratio: 411\/272;aspect-ratio: auto 2780 \/ 1840;\" width=\"411\" height=\"272\" src=\"data:image\/svg+xml;base64,PHN2ZyB3aWR0aD0iMSIgaGVpZ2h0PSIxIiB4bWxucz0iaHR0cDovL3d3dy53My5vcmcvMjAwMC9zdmciPjwvc3ZnPg==\" class=\"lazyload\"><\/span><\/p>\n<p style=\"text-align: justify;\"><strong>T\u00e9l\u00e9chargez votre guide GRATUIT, un e-book de 16 pages qui vous guidera pas \u00e0 pas dans les 5 \u00e9tapes cl\u00e9s pour commencer une journ\u00e9e fabuleuse.<\/strong><\/p>\n<h2 style=\"\"><span style=\"font-weight: normal;\"> Inscrivez-vous \u00e0 la Newsletter<\/span><\/h2>\n<p style=\"text-align: justify;\"><span>Soyez les premiers inform\u00e9s et ne ratez aucune nouvelle !<\/span><\/p>\n<p style=\"text-align: justify;\"><span>Vous recevrez aussi un e-book GRATUIT en cadeau de bienvenue.<\/span><\/p>\n<h1 style=\"text-align: center;\">En quoi notre offre est <span style=\"color: rgb(191, 153, 144);\">unique<\/span><\/h1>\n<p><span style=\"color: rgb(191, 153, 144);\"><\/span><\/p>\n<p style=\"text-align: center;\">J&rsquo;ai \u00e0 c\u0153ur de vous proposer \u200bun accompagnement qui repose sur ces principes :<\/p>\n<p><span><img decoding=\"async\" alt=\"\" data-id=\"759\" data-init-width=\"2560\" data-init-height=\"1709\" title=\"ben-white-unsplash\" data-src=\"https:\/\/chretiensheureux.com\/wp-content\/uploads\/2020\/10\/ben-white-ReEqHw2GyeI-unsplash-scaled.jpg\" data-width=\"410\" data-height=\"274\" style=\"--smush-placeholder-width: 410px; --smush-placeholder-aspect-ratio: 410\/274;aspect-ratio: auto 2560 \/ 1709;\" width=\"410\" height=\"274\" src=\"data:image\/svg+xml;base64,PHN2ZyB3aWR0aD0iMSIgaGVpZ2h0PSIxIiB4bWxucz0iaHR0cDovL3d3dy53My5vcmcvMjAwMC9zdmciPjwvc3ZnPg==\" class=\"lazyload\"><\/span><\/p>\n<h3 style=\"text-align: center;\">Un \u200baccompagnement&nbsp;<span style=\"text-transform: uppercase; color: rgb(180, 138, 128);\">CATHOLIQUE<\/span><\/h3>\n<p style=\"text-align: justify;\">Vous \u00eates en perte de sens et de rep\u00e8res ? Vous avez besoin d&rsquo;une r\u00e9elle mutation int\u00e9rieure pour vivre en pl\u00e9nitude ? Contactez-moi pour un \u200baccompagnement catholique sur mesure.<\/p>\n<p><span><img decoding=\"async\" alt=\"\" data-id=\"384\" data-init-width=\"2560\" data-init-height=\"1707\" title=\"rod-long-unsplash\" data-src=\"https:\/\/chretiensheureux.com\/wp-content\/uploads\/2020\/08\/rod-long-unsplash-scaled.jpg\" data-width=\"410\" data-height=\"274\" style=\"--smush-placeholder-width: 410px; --smush-placeholder-aspect-ratio: 410\/274;aspect-ratio: auto 2560 \/ 1707;\" width=\"410\" height=\"274\" src=\"data:image\/svg+xml;base64,PHN2ZyB3aWR0aD0iMSIgaGVpZ2h0PSIxIiB4bWxucz0iaHR0cDovL3d3dy53My5vcmcvMjAwMC9zdmciPjwvc3ZnPg==\" class=\"lazyload\"><\/span><\/p>\n<h3 style=\"text-align: center;\"><span>\u00e9<\/span>coute et disponibilit\u00e9<\/h3>\n<p style=\"text-align: justify;\">Je souhaite interagir avec vous le plus possible pour vous accompagner au mieux. Je vous encourage \u00e0 poster \u00e9galement des commentaires afin de partager votre sagesse et fortifier la foi de vos fr\u00e8res et s\u0153urs.<\/p>\n<p><span><img decoding=\"async\" alt=\"\" data-id=\"660\" data-init-width=\"1707\" data-init-height=\"2560\" title=\"Alienor-Sept-2014\" data-src=\"https:\/\/chretiensheureux.com\/wp-content\/uploads\/2020\/09\/Alienor-Sept-2014-scaled.jpg\" data-width=\"231\" data-height=\"346\" style=\"--smush-placeholder-width: 231px; --smush-placeholder-aspect-ratio: 231\/346;aspect-ratio: auto 1707 \/ 2560;\" width=\"231\" height=\"346\" src=\"data:image\/svg+xml;base64,PHN2ZyB3aWR0aD0iMSIgaGVpZ2h0PSIxIiB4bWxucz0iaHR0cDovL3d3dy53My5vcmcvMjAwMC9zdmciPjwvc3ZnPg==\" class=\"lazyload\"><\/span><\/p>\n<h3 style=\"text-align: center;\"><span style=\"font-family: Literata; font-weight: 600;\">Alors, \u00eates-vous pr\u00eats pour commencer l&rsquo;aventure des chr\u00e9tiens heureux ?<\/span><\/h3>\n<h3 style=\"text-align: center;\"><span style=\"font-weight: normal;\">Je prie pour vous.&nbsp;<\/span><\/h3>\n<ul>\n<li style=\"\"><a href=\"https:\/\/chretiensheureux.com\/index.php\/mentions-legales\/\" style=\"outline: currentcolor none medium;\"><span style=\"color: rgb(0, 0, 0); font-size: 14px;\">Mentions l\u00e9gales et politique de confidentialit\u00e9<\/span><\/a><\/li>\n<li style=\"\"><a href=\"https:\/\/chretiensheureux.com\/index.php\/conditions-generales-de-vente\/\" style=\"outline: currentcolor none medium;\"><span style=\"color: rgb(0, 0, 0); font-size: 14px;\">Conditions g\u00e9n\u00e9rales de vente&nbsp;<span style=\"color: rgb(0, 0, 0); font-size: 14px;\"><\/span><\/span><\/a><span style=\"color: rgb(0, 0, 0); font-size: 14px;\"><span style=\"color: rgb(0, 0, 0); font-size: 14px;\"><\/span><\/span><span style=\"color: rgb(0, 0, 0); font-size: 14px;\"><span style=\"color: rgb(0, 0, 0); font-size: 14px;\"><\/span><\/span><span style=\"color: rgb(0, 0, 0); font-size: 14px;\"><span style=\"color: rgb(0, 0, 0); font-size: 14px;\"><\/span><\/span><span style=\"color: rgb(0, 0, 0); font-size: 14px;\"><\/span><\/li>\n<\/ul>\n<p style=\"text-align: center;\">\n","protected":false},"excerpt":{"rendered":"<p>Vous &nbsp;aspirez \u00e0 une vie \u00e9quilibr\u00e9e et heureuse ? \u200bVous aimeriez vous ancrer au quotidien dans votre foi en J\u00e9sus-Christ ? Ce blog est pour vous. Je m&rsquo;appelle Ali\u00e9nor Strentz. J\u2019ai cr\u00e9\u00e9 ce blog pour vous proposer \u200bun accompagnement chr\u00e9tien. Je souhaite vous faire d\u00e9couvrir qu&rsquo;en marchant avec Dieu, vous parviendrez \u00e0 l&rsquo;\u00e9quilibre, la s\u00e9r\u00e9nit\u00e9 [&hellip;]<\/p>\n","protected":false},"author":1,"featured_media":0,"parent":0,"menu_order":0,"comment_status":"closed","ping_status":"closed","template":"","meta":{"footnotes":""},"class_list":["post-228","page","type-page","status-publish","hentry","post-wrapper","thrv_wrapper"],"_links":{"self":[{"href":"https:\/\/chretiensheureux.com\/index.php\/wp-json\/wp\/v2\/pages\/228","targetHints":{"allow":["GET"]}}],"collection":[{"href":"https:\/\/chretiensheureux.com\/index.php\/wp-json\/wp\/v2\/pages"}],"about":[{"href":"https:\/\/chretiensheureux.com\/index.php\/wp-json\/wp\/v2\/types\/page"}],"author":[{"embeddable":true,"href":"https:\/\/chretiensheureux.com\/index.php\/wp-json\/wp\/v2\/users\/1"}],"replies":[{"embeddable":true,"href":"https:\/\/chretiensheureux.com\/index.php\/wp-json\/wp\/v2\/comments?post=228"}],"version-history":[{"count":367,"href":"https:\/\/chretiensheureux.com\/index.php\/wp-json\/wp\/v2\/pages\/228\/revisions"}],"predecessor-version":[{"id":2373,"href":"https:\/\/chretiensheureux.com\/index.php\/wp-json\/wp\/v2\/pages\/228\/revisions\/2373"}],"wp:attachment":[{"href":"https:\/\/chretiensheureux.com\/index.php\/wp-json\/wp\/v2\/media?parent=228"}],"curies":[{"name":"wp","href":"https:\/\/api.w.org\/{rel}","templated":true}]}}