{"id":569,"date":"2020-09-04T13:50:36","date_gmt":"2020-09-04T11:50:36","guid":{"rendered":"https:\/\/chretiensheureux.com\/?page_id=569"},"modified":"2020-09-08T17:36:30","modified_gmt":"2020-09-08T15:36:30","slug":"merci-de-nous-rejoindre","status":"publish","type":"page","link":"https:\/\/chretiensheureux.com\/index.php\/merci-de-nous-rejoindre\/","title":{"rendered":"Merci de nous rejoindre"},"content":{"rendered":"<a class=\"tcb-logo thrv_wrapper\" href=\"https:\/\/chretiensheureux.com\" data-css=\"tve-u-17458f0a719\" data-img-style=\"width: 100%;\" class=\"\"><img decoding=\"async\" data-src=\"https:\/\/chretiensheureux.com\/wp-content\/uploads\/2020\/09\/Chretiens_heureux.png\" height=\"1998\" width=\"2872\" alt=\"\" style=\"--smush-placeholder-width: 2872px; --smush-placeholder-aspect-ratio: 2872\/1998;width: 100%;\" class=\"tve-not-lazy-loaded lazyload\" src=\"data:image\/svg+xml;base64,PHN2ZyB3aWR0aD0iMSIgaGVpZ2h0PSIxIiB4bWxucz0iaHR0cDovL3d3dy53My5vcmcvMjAwMC9zdmciPjwvc3ZnPg==\"><\/img><\/a>\n<h1 style=\"text-align: center;\">Merci de nous rejoindre !<\/h1>\n<p style=\"text-align: justify;\"><span style=\"color: rgb(0, 0, 0);\">Vous venez de demander votre e-book gratuit \u00ab\u00a0<em>Le matin je me tourne vers Toi&#8230; 5 \u00e9tapes cl\u00e9s pour commencer une journ\u00e9e fabuleuse<\/em>\u00ab\u00a0.<\/span><\/p>\n<p style=\"text-align: justify;\"><span style=\"color: rgb(0, 0, 0);\">L&rsquo;e-book est en route ; il sera sur votre bo\u00eete mail d&rsquo;ici quelques minutes.<\/span><\/p>\n<p style=\"text-align: justify;\"><span style=\"color: rgb(0, 0, 0);\">Si d&rsquo;ici quelques minutes vous n&rsquo;avez rien re\u00e7u, v\u00e9rifiez votre courrier ind\u00e9sirable et rajoutez-moi en exp\u00e9diteur autoris\u00e9.<\/span><\/p>\n<p style=\"text-align: justify;\"><span style=\"color: rgb(0, 0, 0);\">A tr\u00e8s bient\u00f4t !<\/span><\/p>\n<p style=\"text-align: justify;\"><span style=\"color: rgb(0, 0, 0);\">Ali\u00e9nor Strentz<\/span><\/p>\n","protected":false},"excerpt":{"rendered":"<p>Merci de nous rejoindre ! Vous venez de demander votre e-book gratuit \u00ab\u00a0Le matin je me tourne vers Toi&#8230; 5 \u00e9tapes cl\u00e9s pour commencer une journ\u00e9e fabuleuse\u00ab\u00a0. L&rsquo;e-book est en route ; il sera sur votre bo\u00eete mail d&rsquo;ici quelques minutes. Si d&rsquo;ici quelques minutes vous n&rsquo;avez rien re\u00e7u, v\u00e9rifiez votre courrier ind\u00e9sirable et rajoutez-moi [&hellip;]<\/p>\n","protected":false},"author":1,"featured_media":0,"parent":0,"menu_order":0,"comment_status":"closed","ping_status":"closed","template":"","meta":{"footnotes":""},"class_list":["post-569","page","type-page","status-publish","hentry","post-wrapper","thrv_wrapper"],"_links":{"self":[{"href":"https:\/\/chretiensheureux.com\/index.php\/wp-json\/wp\/v2\/pages\/569","targetHints":{"allow":["GET"]}}],"collection":[{"href":"https:\/\/chretiensheureux.com\/index.php\/wp-json\/wp\/v2\/pages"}],"about":[{"href":"https:\/\/chretiensheureux.com\/index.php\/wp-json\/wp\/v2\/types\/page"}],"author":[{"embeddable":true,"href":"https:\/\/chretiensheureux.com\/index.php\/wp-json\/wp\/v2\/users\/1"}],"replies":[{"embeddable":true,"href":"https:\/\/chretiensheureux.com\/index.php\/wp-json\/wp\/v2\/comments?post=569"}],"version-history":[{"count":8,"href":"https:\/\/chretiensheureux.com\/index.php\/wp-json\/wp\/v2\/pages\/569\/revisions"}],"predecessor-version":[{"id":789,"href":"https:\/\/chretiensheureux.com\/index.php\/wp-json\/wp\/v2\/pages\/569\/revisions\/789"}],"wp:attachment":[{"href":"https:\/\/chretiensheureux.com\/index.php\/wp-json\/wp\/v2\/media?parent=569"}],"curies":[{"name":"wp","href":"https:\/\/api.w.org\/{rel}","templated":true}]}}